{"id":2815,"date":"2024-04-29T07:48:10","date_gmt":"2024-04-29T07:48:10","guid":{"rendered":"https:\/\/www.stg8922.aws.dewaconnect.fr\/postes-vacants\/"},"modified":"2025-08-26T14:56:24","modified_gmt":"2025-08-26T14:56:24","slug":"postes-vacants","status":"publish","type":"page","link":"https:\/\/www.dewaconnect.fr\/fr\/postes-vacants\/","title":{"rendered":"Postes vacants"},"content":{"rendered":"\t\t<div data-elementor-type=\"wp-page\" data-elementor-id=\"2815\" class=\"elementor elementor-2815 elementor-2812\">\n\t\t\t\t<div class=\"elementor-element elementor-element-a93f480 e-flex e-con-boxed e-con e-parent\" data-id=\"a93f480\" data-element_type=\"container\" data-settings=\"{&quot;background_background&quot;:&quot;classic&quot;}\">\n\t\t\t\t\t<div class=\"e-con-inner\">\n\t\t<div class=\"elementor-element elementor-element-ca54d24 e-con-full e-flex e-con e-child\" data-id=\"ca54d24\" data-element_type=\"container\">\n\t\t\t\t<div class=\"elementor-element elementor-element-2c61209 elementor-widget elementor-widget-heading\" data-id=\"2c61209\" data-element_type=\"widget\" data-widget_type=\"heading.default\">\n\t\t\t\t<div class=\"elementor-widget-container\">\n\t\t\t<style>\/*! elementor - v3.21.0 - 08-05-2024 *\/\n.elementor-heading-title{padding:0;margin:0;line-height:1}.elementor-widget-heading .elementor-heading-title[class*=elementor-size-]>a{color:inherit;font-size:inherit;line-height:inherit}.elementor-widget-heading .elementor-heading-title.elementor-size-small{font-size:15px}.elementor-widget-heading .elementor-heading-title.elementor-size-medium{font-size:19px}.elementor-widget-heading .elementor-heading-title.elementor-size-large{font-size:29px}.elementor-widget-heading .elementor-heading-title.elementor-size-xl{font-size:39px}.elementor-widget-heading .elementor-heading-title.elementor-size-xxl{font-size:59px}<\/style><h2 class=\"elementor-heading-title elementor-size-default\">Nous recrutons<\/h2>\t\t<\/div>\n\t\t\t\t<\/div>\n\t\t<div class=\"elementor-element elementor-element-8e61727 e-flex e-con-boxed e-con e-child\" data-id=\"8e61727\" data-element_type=\"container\">\n\t\t\t\t\t<div class=\"e-con-inner\">\n\t\t\t\t<div class=\"elementor-element elementor-element-558cc28 elementor-widget__width-initial elementor-align-center elementor-widget elementor-widget-button\" data-id=\"558cc28\" data-element_type=\"widget\" data-widget_type=\"button.default\">\n\t\t\t\t<div class=\"elementor-widget-container\">\n\t\t\t\t\t<div class=\"elementor-button-wrapper\">\n\t\t\t<a class=\"elementor-button elementor-button-link elementor-size-sm\" href=\"#filter_post\">\n\t\t\t\t\t\t<span class=\"elementor-button-content-wrapper\">\n\t\t\t\t\t\t\t\t\t<span class=\"elementor-button-text\">Trouver l'emploi id\u00e9al<\/span>\n\t\t\t\t\t<\/span>\n\t\t\t\t\t<\/a>\n\t\t<\/div>\n\t\t\t\t<\/div>\n\t\t\t\t<\/div>\n\t\t\t\t\t<\/div>\n\t\t\t\t<\/div>\n\t\t<div class=\"elementor-element elementor-element-fc6ef24 e-flex e-con-boxed e-con e-child\" data-id=\"fc6ef24\" data-element_type=\"container\" data-settings=\"{&quot;position&quot;:&quot;absolute&quot;}\">\n\t\t\t\t\t<div class=\"e-con-inner\">\n\t\t\t\t<div class=\"elementor-element elementor-element-7118f1b elementor-widget elementor-widget-image\" data-id=\"7118f1b\" data-element_type=\"widget\" data-widget_type=\"image.default\">\n\t\t\t\t<div class=\"elementor-widget-container\">\n\t\t\t<style>\/*! elementor - v3.21.0 - 08-05-2024 *\/\n.elementor-widget-image{text-align:center}.elementor-widget-image a{display:inline-block}.elementor-widget-image a img[src$=\".svg\"]{width:48px}.elementor-widget-image img{vertical-align:middle;display:inline-block}<\/style>\t\t\t\t\t\t\t\t\t\t\t<a href=\"#filter_post\">\n\t\t\t\t\t\t\t<img fetchpriority=\"high\" decoding=\"async\" width=\"1024\" height=\"1024\" src=\"https:\/\/www.dewaconnect.fr\/wp-content\/uploads\/2024\/03\/Down-Arrow-1.svg\" class=\"attachment-large size-large wp-image-2330\" alt=\"\" \/>\t\t\t\t\t\t\t\t<\/a>\n\t\t\t\t\t\t\t\t\t\t\t\t\t<\/div>\n\t\t\t\t<\/div>\n\t\t\t\t\t<\/div>\n\t\t\t\t<\/div>\n\t\t\t\t<\/div>\n\t\t\t\t\t<\/div>\n\t\t\t\t<\/div>\n\t\t<div class=\"elementor-element elementor-element-4ce2787 e-flex e-con-boxed e-con e-parent\" data-id=\"4ce2787\" data-element_type=\"container\" id=\"filter_post\">\n\t\t\t\t\t<div class=\"e-con-inner\">\n\t\t\t\t<div class=\"elementor-element elementor-element-4cdb663 elementor-widget elementor-widget-heading\" data-id=\"4cdb663\" data-element_type=\"widget\" data-widget_type=\"heading.default\">\n\t\t\t\t<div class=\"elementor-widget-container\">\n\t\t\t<h3 class=\"elementor-heading-title elementor-size-default\">Postes vacants<\/h3>\t\t<\/div>\n\t\t\t\t<\/div>\n\t\t\t\t<div class=\"elementor-element elementor-element-cc380fa elementor-widget-divider--view-line elementor-widget elementor-widget-divider\" data-id=\"cc380fa\" data-element_type=\"widget\" data-widget_type=\"divider.default\">\n\t\t\t\t<div class=\"elementor-widget-container\">\n\t\t\t<style>\/*! elementor - v3.21.0 - 08-05-2024 *\/\n.elementor-widget-divider{--divider-border-style:none;--divider-border-width:1px;--divider-color:#0c0d0e;--divider-icon-size:20px;--divider-element-spacing:10px;--divider-pattern-height:24px;--divider-pattern-size:20px;--divider-pattern-url:none;--divider-pattern-repeat:repeat-x}.elementor-widget-divider .elementor-divider{display:flex}.elementor-widget-divider .elementor-divider__text{font-size:15px;line-height:1;max-width:95%}.elementor-widget-divider .elementor-divider__element{margin:0 var(--divider-element-spacing);flex-shrink:0}.elementor-widget-divider .elementor-icon{font-size:var(--divider-icon-size)}.elementor-widget-divider .elementor-divider-separator{display:flex;margin:0;direction:ltr}.elementor-widget-divider--view-line_icon .elementor-divider-separator,.elementor-widget-divider--view-line_text .elementor-divider-separator{align-items:center}.elementor-widget-divider--view-line_icon .elementor-divider-separator:after,.elementor-widget-divider--view-line_icon .elementor-divider-separator:before,.elementor-widget-divider--view-line_text .elementor-divider-separator:after,.elementor-widget-divider--view-line_text .elementor-divider-separator:before{display:block;content:\"\";border-block-end:0;flex-grow:1;border-block-start:var(--divider-border-width) var(--divider-border-style) var(--divider-color)}.elementor-widget-divider--element-align-left .elementor-divider .elementor-divider-separator>.elementor-divider__svg:first-of-type{flex-grow:0;flex-shrink:100}.elementor-widget-divider--element-align-left .elementor-divider-separator:before{content:none}.elementor-widget-divider--element-align-left .elementor-divider__element{margin-left:0}.elementor-widget-divider--element-align-right .elementor-divider .elementor-divider-separator>.elementor-divider__svg:last-of-type{flex-grow:0;flex-shrink:100}.elementor-widget-divider--element-align-right .elementor-divider-separator:after{content:none}.elementor-widget-divider--element-align-right .elementor-divider__element{margin-right:0}.elementor-widget-divider--element-align-start .elementor-divider .elementor-divider-separator>.elementor-divider__svg:first-of-type{flex-grow:0;flex-shrink:100}.elementor-widget-divider--element-align-start .elementor-divider-separator:before{content:none}.elementor-widget-divider--element-align-start .elementor-divider__element{margin-inline-start:0}.elementor-widget-divider--element-align-end .elementor-divider .elementor-divider-separator>.elementor-divider__svg:last-of-type{flex-grow:0;flex-shrink:100}.elementor-widget-divider--element-align-end .elementor-divider-separator:after{content:none}.elementor-widget-divider--element-align-end .elementor-divider__element{margin-inline-end:0}.elementor-widget-divider:not(.elementor-widget-divider--view-line_text):not(.elementor-widget-divider--view-line_icon) .elementor-divider-separator{border-block-start:var(--divider-border-width) var(--divider-border-style) var(--divider-color)}.elementor-widget-divider--separator-type-pattern{--divider-border-style:none}.elementor-widget-divider--separator-type-pattern.elementor-widget-divider--view-line .elementor-divider-separator,.elementor-widget-divider--separator-type-pattern:not(.elementor-widget-divider--view-line) .elementor-divider-separator:after,.elementor-widget-divider--separator-type-pattern:not(.elementor-widget-divider--view-line) .elementor-divider-separator:before,.elementor-widget-divider--separator-type-pattern:not([class*=elementor-widget-divider--view]) .elementor-divider-separator{width:100%;min-height:var(--divider-pattern-height);-webkit-mask-size:var(--divider-pattern-size) 100%;mask-size:var(--divider-pattern-size) 100%;-webkit-mask-repeat:var(--divider-pattern-repeat);mask-repeat:var(--divider-pattern-repeat);background-color:var(--divider-color);-webkit-mask-image:var(--divider-pattern-url);mask-image:var(--divider-pattern-url)}.elementor-widget-divider--no-spacing{--divider-pattern-size:auto}.elementor-widget-divider--bg-round{--divider-pattern-repeat:round}.rtl .elementor-widget-divider .elementor-divider__text{direction:rtl}.e-con-inner>.elementor-widget-divider,.e-con>.elementor-widget-divider{width:var(--container-widget-width,100%);--flex-grow:var(--container-widget-flex-grow)}<\/style>\t\t<div class=\"elementor-divider\">\n\t\t\t<span class=\"elementor-divider-separator\">\n\t\t\t\t\t\t<\/span>\n\t\t<\/div>\n\t\t\t\t<\/div>\n\t\t\t\t<\/div>\n\t\t\t\t<div class=\"elementor-element elementor-element-eb86c65 elementor-widget elementor-widget-shortcode\" data-id=\"eb86c65\" data-element_type=\"widget\" data-widget_type=\"shortcode.default\">\n\t\t\t\t<div class=\"elementor-widget-container\">\n\t\t\t\t\t<div class=\"elementor-shortcode\"><div class=\"row search_main_row\"><div class=\"col-md-3\"><h1 class=\"search_heading\">Chercher<\/h1><\/div><div class=\"col-md-2\"><h3 class=\"filter_heading\">Comp\u00e9tence<\/h3><form id=\"custom-checkbox-filter-form\"><ul class=\"category-checkboxes\"><li class=\"category-item\"><input type=\"checkbox\" class=\"filter-checkbox\" name=\"category_filter[]\" value=\"46\" \/> Finances<\/li><li class=\"category-item\"><input type=\"checkbox\" class=\"filter-checkbox\" name=\"category_filter[]\" value=\"10\" \/> Non classifi\u00e9(e)<\/li><li class=\"category-item\"><input type=\"checkbox\" class=\"filter-checkbox\" name=\"category_filter[]\" value=\"48\" \/> RH<\/li><li class=\"category-item\" style=\"display: none;\"><input type=\"checkbox\" class=\"filter-checkbox\" name=\"category_filter[]\" value=\"65\" \/> Subvention<\/li><li class=\"category-item\" style=\"display: none;\"><input type=\"checkbox\" class=\"filter-checkbox\" name=\"category_filter[]\" value=\"41\" \/> Ventes et marketing<\/li><li><button id=\"show-more-categories\" type=\"button\"><\/button><\/li><\/ul><\/form><\/div><div class=\"col-md-2\"><h3 class=\"filter_heading\">Langue<\/h3><form id=\"custom-checkbox-filter-form-tags\"><ul class=\"tag-checkboxes\"><li><input type=\"checkbox\" class=\"filter-checkbox-tags\" name=\"tag_filter[]\" value=\"42\" \/> Anglais<\/li><li><input type=\"checkbox\" class=\"filter-checkbox-tags\" name=\"tag_filter[]\" value=\"44\" \/> Fran\u00e7ais<\/li><li><input type=\"checkbox\" class=\"filter-checkbox-tags\" name=\"tag_filter[]\" value=\"43\" \/> N\u00e9erlandais<\/li><\/ul><\/form><\/div><\/div><div id=\"filtered-posts\" class=\"row\"><div class=\"col-md-4\"><div class=\"post\"><div class=\"post-thumbnail\"><img decoding=\"async\" width=\"358\" height=\"137\" src=\"https:\/\/www.dewaconnect.fr\/wp-content\/uploads\/2024\/04\/Photo-peopla-Copy-9.png\" class=\"attachment-post-thumbnail size-post-thumbnail wp-post-image\" alt=\"\" srcset=\"https:\/\/www.dewaconnect.fr\/wp-content\/uploads\/2024\/04\/Photo-peopla-Copy-9.png 358w, https:\/\/www.dewaconnect.fr\/wp-content\/uploads\/2024\/04\/Photo-peopla-Copy-9-300x115.png 300w\" sizes=\"(max-width: 358px) 100vw, 358px\" \/><\/div><div class=\"tags\"><div class=\"tag\">Fran\u00e7ais<\/div><div class=\"tag\">N\u00e9erlandais<\/div><\/div><div class=\"post_content_box\"><p class=\"company_name\">Ardis<\/p><h2 class=\"post_title\">R\u00e9dacteur technique<\/h2><div class=\"box_div\"><div class=\"post_title\"><img decoding=\"async\" src=\"https:\/\/www.dewaconnect.fr\/wp-content\/uploads\/2024\/11\/logo-ardis-e1731497088979.jpg\" alt=\"Company Logo\"><\/div><a href=\"https:\/\/www.dewaconnect.fr\/fr\/technische-schrijver\/\">Savoir plus<\/a><\/div><\/div><div class=\"first_boxpost\"><div class=\"top-part\"><p class=\"psot_subheading_first\">Ardis<\/p><h2 class=\"post_title_first\">R\u00e9dacteur technique<\/h2><p class=\"psot_pera_first\"><\/p><\/div><div class=\"bootum-part\"><div class=\"botum_bar\"><div class=\"botum_bar_div1\"><p class=\"psot_tag_first\">Finance<\/p><p class=\"psot_tag_first\">English<\/p><\/div><div class=\"botum_bar_div2\"><a href=\"https:\/\/www.dewaconnect.fr\/fr\/technische-schrijver\/\">Savoir plus<\/a><\/div><\/div><\/div><\/div><\/div><\/div><div class=\"col-md-4\"><div class=\"post\"><div class=\"post-thumbnail\"><img decoding=\"async\" width=\"358\" height=\"137\" src=\"https:\/\/www.dewaconnect.fr\/wp-content\/uploads\/2024\/04\/Photo-peopla-Copy-13.png\" class=\"attachment-post-thumbnail size-post-thumbnail wp-post-image\" alt=\"\" srcset=\"https:\/\/www.dewaconnect.fr\/wp-content\/uploads\/2024\/04\/Photo-peopla-Copy-13.png 358w, https:\/\/www.dewaconnect.fr\/wp-content\/uploads\/2024\/04\/Photo-peopla-Copy-13-300x115.png 300w\" sizes=\"(max-width: 358px) 100vw, 358px\" \/><\/div><div class=\"tags\"><div class=\"tag\">Fran\u00e7ais<\/div><div class=\"tag\">N\u00e9erlandais<\/div><\/div><div class=\"post_content_box\"><p class=\"company_name\">DewaConnect<\/p><h2 class=\"post_title\">D\u00e9veloppeur d&rsquo;affaires junior (Gand &#8211; BE)<\/h2><div class=\"box_div\"><div class=\"post_title\"><img decoding=\"async\" src=\"https:\/\/www.dewaconnect.fr\/wp-content\/uploads\/2024\/11\/Screenshot-2024-11-13-at-08.33.45-e1731483325331.png\" alt=\"Company Logo\"><\/div><a href=\"https:\/\/www.dewaconnect.fr\/fr\/junior-business-developer-gent\/\">Savoir plus<\/a><\/div><\/div><div class=\"first_boxpost\"><div class=\"top-part\"><p class=\"psot_subheading_first\">DewaConnect<\/p><h2 class=\"post_title_first\">D\u00e9veloppeur d&rsquo;affaires junior (Gand &#8211; BE)<\/h2><p class=\"psot_pera_first\"><\/p><\/div><div class=\"bootum-part\"><div class=\"botum_bar\"><div class=\"botum_bar_div1\"><p class=\"psot_tag_first\">Finance<\/p><p class=\"psot_tag_first\">English<\/p><\/div><div class=\"botum_bar_div2\"><a href=\"https:\/\/www.dewaconnect.fr\/fr\/junior-business-developer-gent\/\">Savoir plus<\/a><\/div><\/div><\/div><\/div><\/div><\/div><div class=\"col-md-4\"><div class=\"post\"><div class=\"post-thumbnail\"><img loading=\"lazy\" decoding=\"async\" width=\"358\" height=\"137\" src=\"https:\/\/www.dewaconnect.fr\/wp-content\/uploads\/2024\/04\/Photo-peopla-Copy-3.png\" class=\"attachment-post-thumbnail size-post-thumbnail wp-post-image\" alt=\"\" srcset=\"https:\/\/www.dewaconnect.fr\/wp-content\/uploads\/2024\/04\/Photo-peopla-Copy-3.png 358w, https:\/\/www.dewaconnect.fr\/wp-content\/uploads\/2024\/04\/Photo-peopla-Copy-3-300x115.png 300w\" sizes=\"(max-width: 358px) 100vw, 358px\" \/><\/div><div class=\"tags\"><div class=\"tag\">Fran\u00e7ais<\/div><div class=\"tag\">N\u00e9erlandais<\/div><\/div><div class=\"post_content_box\"><p class=\"company_name\">DewaConnect<\/p><h2 class=\"post_title\">Preventieadviseur (Gent of Aalter)<\/h2><div class=\"box_div\"><div class=\"post_title\"><img decoding=\"async\" src=\"https:\/\/www.dewaconnect.fr\/wp-content\/uploads\/2024\/11\/Screenshot-2024-11-13-at-08.33.45-e1731483325331.png\" alt=\"Company Logo\"><\/div><a href=\"https:\/\/www.dewaconnect.fr\/fr\/preventieadviseur-gent-of-aalter\/\">Savoir plus<\/a><\/div><\/div><div class=\"first_boxpost\"><div class=\"top-part\"><p class=\"psot_subheading_first\">DewaConnect<\/p><h2 class=\"post_title_first\">Preventieadviseur (Gent of Aalter)<\/h2><p class=\"psot_pera_first\"><\/p><\/div><div class=\"bootum-part\"><div class=\"botum_bar\"><div class=\"botum_bar_div1\"><p class=\"psot_tag_first\">Finance<\/p><p class=\"psot_tag_first\">English<\/p><\/div><div class=\"botum_bar_div2\"><a href=\"https:\/\/www.dewaconnect.fr\/fr\/preventieadviseur-gent-of-aalter\/\">Savoir plus<\/a><\/div><\/div><\/div><\/div><\/div><\/div><div class=\"col-md-4\"><div class=\"post\"><div class=\"post-thumbnail\"><img loading=\"lazy\" decoding=\"async\" width=\"358\" height=\"137\" src=\"https:\/\/www.dewaconnect.fr\/wp-content\/uploads\/2024\/04\/Photo-peopla-Copy-10.png\" class=\"attachment-post-thumbnail size-post-thumbnail wp-post-image\" alt=\"\" srcset=\"https:\/\/www.dewaconnect.fr\/wp-content\/uploads\/2024\/04\/Photo-peopla-Copy-10.png 358w, https:\/\/www.dewaconnect.fr\/wp-content\/uploads\/2024\/04\/Photo-peopla-Copy-10-300x115.png 300w\" sizes=\"(max-width: 358px) 100vw, 358px\" \/><\/div><div class=\"tags\"><div class=\"tag\">Fran\u00e7ais<\/div><div class=\"tag\">N\u00e9erlandais<\/div><\/div><div class=\"post_content_box\"><p class=\"company_name\">VD-energie<\/p><h2 class=\"post_title\">Employ\u00e9 administratif\/commercial (Aalter &#8211; BE)<\/h2><div class=\"box_div\"><div class=\"post_title\"><img decoding=\"async\" src=\"https:\/\/www.dewaconnect.fr\/wp-content\/uploads\/2024\/11\/vd-energie-logo.png\" alt=\"Company Logo\"><\/div><a href=\"https:\/\/www.dewaconnect.fr\/fr\/administratief-medewerker-aalter\/\">Savoir plus<\/a><\/div><\/div><div class=\"first_boxpost\"><div class=\"top-part\"><p class=\"psot_subheading_first\">VD-energie<\/p><h2 class=\"post_title_first\">Employ\u00e9 administratif\/commercial (Aalter &#8211; BE)<\/h2><p class=\"psot_pera_first\"><\/p><\/div><div class=\"bootum-part\"><div class=\"botum_bar\"><div class=\"botum_bar_div1\"><p class=\"psot_tag_first\">Finance<\/p><p class=\"psot_tag_first\">English<\/p><\/div><div class=\"botum_bar_div2\"><a href=\"https:\/\/www.dewaconnect.fr\/fr\/administratief-medewerker-aalter\/\">Savoir plus<\/a><\/div><\/div><\/div><\/div><\/div><\/div><div class=\"col-md-4\"><div class=\"post\"><div class=\"post-thumbnail\"><img loading=\"lazy\" decoding=\"async\" width=\"358\" height=\"137\" src=\"https:\/\/www.dewaconnect.fr\/wp-content\/uploads\/2024\/04\/Photo-peopla-Copy-14.png\" class=\"attachment-post-thumbnail size-post-thumbnail wp-post-image\" alt=\"\" srcset=\"https:\/\/www.dewaconnect.fr\/wp-content\/uploads\/2024\/04\/Photo-peopla-Copy-14.png 358w, https:\/\/www.dewaconnect.fr\/wp-content\/uploads\/2024\/04\/Photo-peopla-Copy-14-300x115.png 300w\" sizes=\"(max-width: 358px) 100vw, 358px\" \/><\/div><div class=\"tags\"><div class=\"tag\">Fran\u00e7ais<\/div><div class=\"tag\">N\u00e9erlandais<\/div><\/div><div class=\"post_content_box\"><p class=\"company_name\">DewaConnect<\/p><h2 class=\"post_title\">Ing\u00e9nieur en efficacit\u00e9 \u00e9nerg\u00e9tique (Mons\/Anvers &#8211; BE)<\/h2><div class=\"box_div\"><div class=\"post_title\"><img decoding=\"async\" src=\"https:\/\/www.dewaconnect.fr\/wp-content\/uploads\/2024\/11\/Screenshot-2024-11-13-at-08.33.45-e1731483325331.png\" alt=\"Company Logo\"><\/div><a href=\"https:\/\/www.dewaconnect.fr\/fr\/ingenieur-energie-efficientie\/\">Savoir plus<\/a><\/div><\/div><div class=\"first_boxpost\"><div class=\"top-part\"><p class=\"psot_subheading_first\">DewaConnect<\/p><h2 class=\"post_title_first\">Ing\u00e9nieur en efficacit\u00e9 \u00e9nerg\u00e9tique (Mons\/Anvers &#8211; BE)<\/h2><p class=\"psot_pera_first\"><\/p><\/div><div class=\"bootum-part\"><div class=\"botum_bar\"><div class=\"botum_bar_div1\"><p class=\"psot_tag_first\">Finance<\/p><p class=\"psot_tag_first\">English<\/p><\/div><div class=\"botum_bar_div2\"><a href=\"https:\/\/www.dewaconnect.fr\/fr\/ingenieur-energie-efficientie\/\">Savoir plus<\/a><\/div><\/div><\/div><\/div><\/div><\/div><div class=\"col-md-4\"><div class=\"post\"><div class=\"post-thumbnail\"><img loading=\"lazy\" decoding=\"async\" width=\"358\" height=\"137\" src=\"https:\/\/www.dewaconnect.fr\/wp-content\/uploads\/2024\/04\/Photo-peopla-Copy-4.png\" class=\"attachment-post-thumbnail size-post-thumbnail wp-post-image\" alt=\"\" srcset=\"https:\/\/www.dewaconnect.fr\/wp-content\/uploads\/2024\/04\/Photo-peopla-Copy-4.png 358w, https:\/\/www.dewaconnect.fr\/wp-content\/uploads\/2024\/04\/Photo-peopla-Copy-4-300x115.png 300w\" sizes=\"(max-width: 358px) 100vw, 358px\" \/><\/div><div class=\"tags\"><div class=\"tag\">Fran\u00e7ais<\/div><div class=\"tag\">N\u00e9erlandais<\/div><\/div><div class=\"post_content_box\"><p class=\"company_name\">DewaConnect<\/p><h2 class=\"post_title\">Allround Marketeer (NL\/FR) (Zwevegem &#8211; BE)<\/h2><div class=\"box_div\"><div class=\"post_title\"><img decoding=\"async\" src=\"https:\/\/www.dewaconnect.fr\/wp-content\/uploads\/2024\/11\/Screenshot-2024-11-13-at-08.33.45-e1731483325331.png\" alt=\"Company Logo\"><\/div><a href=\"https:\/\/www.dewaconnect.fr\/fr\/allround-marketeer-nl-fr\/\">Savoir plus<\/a><\/div><\/div><div class=\"first_boxpost\"><div class=\"top-part\"><p class=\"psot_subheading_first\">DewaConnect<\/p><h2 class=\"post_title_first\">Allround Marketeer (NL\/FR) (Zwevegem &#8211; BE)<\/h2><p class=\"psot_pera_first\"><\/p><\/div><div class=\"bootum-part\"><div class=\"botum_bar\"><div class=\"botum_bar_div1\"><p class=\"psot_tag_first\">Finance<\/p><p class=\"psot_tag_first\">English<\/p><\/div><div class=\"botum_bar_div2\"><a href=\"https:\/\/www.dewaconnect.fr\/fr\/allround-marketeer-nl-fr\/\">Savoir plus<\/a><\/div><\/div><\/div><\/div><\/div><\/div><\/div>    <script>\njQuery(document).ready(function($) {\n    function fetchPosts(page = 1) {\n        var form_data = $('#custom-checkbox-filter-form').serialize() + '&' + $('#custom-checkbox-filter-form-tags').serialize();\n        form_data += '&action=filter_posts&page=' + page;\n        $.ajax({\n            url: 'https:\/\/www.dewaconnect.fr\/wp-admin\/admin-ajax.php',\n            type: 'POST',\n            data: form_data,\n            success: function(response) {\n                $('#filtered-posts').html(response);\n            }\n        });\n    }\n\n    \/\/ Initial posts fetch\n    fetchPosts();\n\n    \/\/ Handle pagination click\n    $('#filtered-posts').on('click', '.pagination a', function(e) {\n        e.preventDefault();\n        var page = $(this).attr('href').split('paged=')[1];\n        fetchPosts(page);\n    });\n\n    \/\/ Handle checkbox changes\n    $('.filter-checkbox, .filter-checkbox-tags').change(function() {\n        fetchPosts();\n    });\n});\n    <\/script>\n    <\/div>\n\t\t\t\t<\/div>\n\t\t\t\t<\/div>\n\t\t\t\t\t<\/div>\n\t\t\t\t<\/div>\n\t\t\t\t<\/div>\n\t\t","protected":false},"excerpt":{"rendered":"<p>Nous recrutons Trouver l&#8217;emploi id\u00e9al Postes vacants<\/p>\n","protected":false},"author":1,"featured_media":0,"parent":0,"menu_order":0,"comment_status":"closed","ping_status":"closed","template":"","meta":{"_acf_changed":false,"om_disable_all_campaigns":false,"inline_featured_image":false,"_monsterinsights_skip_tracking":false,"_monsterinsights_sitenote_active":false,"_monsterinsights_sitenote_note":"","_monsterinsights_sitenote_category":0,"site-sidebar-layout":"no-sidebar","site-content-layout":"","ast-site-content-layout":"full-width-container","site-content-style":"default","site-sidebar-style":"default","ast-global-header-display":"","ast-banner-title-visibility":"","ast-main-header-display":"","ast-hfb-above-header-display":"","ast-hfb-below-header-display":"","ast-hfb-mobile-header-display":"","site-post-title":"disabled","ast-breadcrumbs-content":"","ast-featured-img":"disabled","footer-sml-layout":"","theme-transparent-header-meta":"","adv-header-id-meta":"","stick-header-meta":"","header-above-stick-meta":"","header-main-stick-meta":"","header-below-stick-meta":"","astra-migrate-meta-layouts":"default","ast-page-background-enabled":"default","ast-page-background-meta":{"desktop":{"background-color":"var(--ast-global-color-4)","background-image":"","background-repeat":"repeat","background-position":"center center","background-size":"auto","background-attachment":"scroll","background-type":"","background-media":"","overlay-type":"","overlay-color":"","overlay-gradient":""},"tablet":{"background-color":"","background-image":"","background-repeat":"repeat","background-position":"center center","background-size":"auto","background-attachment":"scroll","background-type":"","background-media":"","overlay-type":"","overlay-color":"","overlay-gradient":""},"mobile":{"background-color":"","background-image":"","background-repeat":"repeat","background-position":"center center","background-size":"auto","background-attachment":"scroll","background-type":"","background-media":"","overlay-type":"","overlay-color":"","overlay-gradient":""}},"ast-content-background-meta":{"desktop":{"background-color":"var(--ast-global-color-5)","background-image":"","background-repeat":"repeat","background-position":"center center","background-size":"auto","background-attachment":"scroll","background-type":"","background-media":"","overlay-type":"","overlay-color":"","overlay-gradient":""},"tablet":{"background-color":"var(--ast-global-color-5)","background-image":"","background-repeat":"repeat","background-position":"center center","background-size":"auto","background-attachment":"scroll","background-type":"","background-media":"","overlay-type":"","overlay-color":"","overlay-gradient":""},"mobile":{"background-color":"var(--ast-global-color-5)","background-image":"","background-repeat":"repeat","background-position":"center center","background-size":"auto","background-attachment":"scroll","background-type":"","background-media":"","overlay-type":"","overlay-color":"","overlay-gradient":""}},"footnotes":""},"acf":[],"aioseo_notices":[],"_links":{"self":[{"href":"https:\/\/www.dewaconnect.fr\/fr\/wp-json\/wp\/v2\/pages\/2815"}],"collection":[{"href":"https:\/\/www.dewaconnect.fr\/fr\/wp-json\/wp\/v2\/pages"}],"about":[{"href":"https:\/\/www.dewaconnect.fr\/fr\/wp-json\/wp\/v2\/types\/page"}],"author":[{"embeddable":true,"href":"https:\/\/www.dewaconnect.fr\/fr\/wp-json\/wp\/v2\/users\/1"}],"replies":[{"embeddable":true,"href":"https:\/\/www.dewaconnect.fr\/fr\/wp-json\/wp\/v2\/comments?post=2815"}],"version-history":[{"count":39,"href":"https:\/\/www.dewaconnect.fr\/fr\/wp-json\/wp\/v2\/pages\/2815\/revisions"}],"predecessor-version":[{"id":6252,"href":"https:\/\/www.dewaconnect.fr\/fr\/wp-json\/wp\/v2\/pages\/2815\/revisions\/6252"}],"wp:attachment":[{"href":"https:\/\/www.dewaconnect.fr\/fr\/wp-json\/wp\/v2\/media?parent=2815"}],"curies":[{"name":"wp","href":"https:\/\/api.w.org\/{rel}","templated":true}]}}