{"id":1861,"date":"2024-02-26T19:04:59","date_gmt":"2024-02-26T19:04:59","guid":{"rendered":"https:\/\/www.stg8922.aws.dewaconnect.fr\/about\/"},"modified":"2025-09-24T10:13:06","modified_gmt":"2025-09-24T10:13:06","slug":"about","status":"publish","type":"page","link":"https:\/\/www.dewaconnect.fr\/fr\/about\/","title":{"rendered":"A propos de"},"content":{"rendered":"\t\t<div data-elementor-type=\"wp-page\" data-elementor-id=\"1861\" class=\"elementor elementor-1861 elementor-128\">\n\t\t\t\t<div class=\"elementor-element elementor-element-f1cad37 e-flex e-con-boxed e-con e-parent\" data-id=\"f1cad37\" data-element_type=\"container\" data-settings=\"{&quot;background_background&quot;:&quot;classic&quot;}\">\n\t\t\t\t\t<div class=\"e-con-inner\">\n\t\t<div class=\"elementor-element elementor-element-ac098ca e-con-full e-flex e-con e-child\" data-id=\"ac098ca\" data-element_type=\"container\">\n\t\t\t\t<div class=\"elementor-element elementor-element-fec6f0c elementor-widget elementor-widget-heading\" data-id=\"fec6f0c\" data-element_type=\"widget\" data-widget_type=\"heading.default\">\n\t\t\t\t<div class=\"elementor-widget-container\">\n\t\t\t<style>\/*! elementor - v3.21.0 - 08-05-2024 *\/\n.elementor-heading-title{padding:0;margin:0;line-height:1}.elementor-widget-heading .elementor-heading-title[class*=elementor-size-]>a{color:inherit;font-size:inherit;line-height:inherit}.elementor-widget-heading .elementor-heading-title.elementor-size-small{font-size:15px}.elementor-widget-heading .elementor-heading-title.elementor-size-medium{font-size:19px}.elementor-widget-heading .elementor-heading-title.elementor-size-large{font-size:29px}.elementor-widget-heading .elementor-heading-title.elementor-size-xl{font-size:39px}.elementor-widget-heading .elementor-heading-title.elementor-size-xxl{font-size:59px}<\/style><h2 class=\"elementor-heading-title elementor-size-default\">DewaConnect, soci\u00e9t\u00e9 coop\u00e9rative universitaire, a \u00e9t\u00e9 fond\u00e9e par<\/h2>\t\t<\/div>\n\t\t\t\t<\/div>\n\t\t<div class=\"elementor-element elementor-element-93af7ab e-flex e-con-boxed e-con e-child\" data-id=\"93af7ab\" data-element_type=\"container\">\n\t\t\t\t\t<div class=\"e-con-inner\">\n\t\t\t\t<div class=\"elementor-element elementor-element-0dec95d elementor-widget elementor-widget-image\" data-id=\"0dec95d\" data-element_type=\"widget\" data-widget_type=\"image.default\">\n\t\t\t\t<div class=\"elementor-widget-container\">\n\t\t\t<style>\/*! elementor - v3.21.0 - 08-05-2024 *\/\n.elementor-widget-image{text-align:center}.elementor-widget-image a{display:inline-block}.elementor-widget-image a img[src$=\".svg\"]{width:48px}.elementor-widget-image img{vertical-align:middle;display:inline-block}<\/style>\t\t\t\t\t\t\t\t\t\t<img decoding=\"async\" width=\"184\" height=\"60\" src=\"https:\/\/www.dewaconnect.fr\/wp-content\/uploads\/2024\/02\/Picture4-Copy.png\" class=\"attachment-large size-large wp-image-657\" alt=\"\" \/>\t\t\t\t\t\t\t\t\t\t\t\t\t<\/div>\n\t\t\t\t<\/div>\n\t\t\t\t<div class=\"elementor-element elementor-element-8e3060b elementor-widget elementor-widget-image\" data-id=\"8e3060b\" data-element_type=\"widget\" data-widget_type=\"image.default\">\n\t\t\t\t<div class=\"elementor-widget-container\">\n\t\t\t\t\t\t\t\t\t\t\t\t\t<img decoding=\"async\" width=\"92\" height=\"130\" src=\"https:\/\/www.dewaconnect.fr\/wp-content\/uploads\/2024\/03\/StudaroLogo-White.png\" class=\"attachment-large size-large wp-image-1334\" alt=\"\" \/>\t\t\t\t\t\t\t\t\t\t\t\t\t<\/div>\n\t\t\t\t<\/div>\n\t\t\t\t\t<\/div>\n\t\t\t\t<\/div>\n\t\t<div class=\"elementor-element elementor-element-61f1502 e-flex e-con-boxed e-con e-child\" data-id=\"61f1502\" data-element_type=\"container\" data-settings=\"{&quot;position&quot;:&quot;absolute&quot;}\">\n\t\t\t\t\t<div class=\"e-con-inner\">\n\t\t\t\t<div class=\"elementor-element elementor-element-35bc1c7 elementor-widget elementor-widget-image\" data-id=\"35bc1c7\" data-element_type=\"widget\" data-widget_type=\"image.default\">\n\t\t\t\t<div class=\"elementor-widget-container\">\n\t\t\t\t\t\t\t\t\t\t\t\t\t\t<a href=\"#down-arrow\">\n\t\t\t\t\t\t\t<img fetchpriority=\"high\" decoding=\"async\" width=\"1024\" height=\"1024\" src=\"https:\/\/www.dewaconnect.fr\/wp-content\/uploads\/2024\/03\/Down-Arrow-1.svg\" class=\"attachment-large size-large wp-image-2330\" alt=\"\" \/>\t\t\t\t\t\t\t\t<\/a>\n\t\t\t\t\t\t\t\t\t\t\t\t\t<\/div>\n\t\t\t\t<\/div>\n\t\t\t\t\t<\/div>\n\t\t\t\t<\/div>\n\t\t\t\t<\/div>\n\t\t\t\t\t<\/div>\n\t\t\t\t<\/div>\n\t\t<div class=\"elementor-element elementor-element-7f4a66f e-flex e-con-boxed e-con e-parent\" data-id=\"7f4a66f\" data-element_type=\"container\" id=\"down-arrow\">\n\t\t\t\t\t<div class=\"e-con-inner\">\n\t\t\t\t<div class=\"elementor-element elementor-element-c7524c2 elementor-widget__width-initial elementor-widget elementor-widget-text-editor\" data-id=\"c7524c2\" data-element_type=\"widget\" data-widget_type=\"text-editor.default\">\n\t\t\t\t<div class=\"elementor-widget-container\">\n\t\t\t<style>\/*! elementor - v3.21.0 - 08-05-2024 *\/\n.elementor-widget-text-editor.elementor-drop-cap-view-stacked .elementor-drop-cap{background-color:#69727d;color:#fff}.elementor-widget-text-editor.elementor-drop-cap-view-framed .elementor-drop-cap{color:#69727d;border:3px solid;background-color:transparent}.elementor-widget-text-editor:not(.elementor-drop-cap-view-default) .elementor-drop-cap{margin-top:8px}.elementor-widget-text-editor:not(.elementor-drop-cap-view-default) .elementor-drop-cap-letter{width:1em;height:1em}.elementor-widget-text-editor .elementor-drop-cap{float:left;text-align:center;line-height:1;font-size:50px}.elementor-widget-text-editor .elementor-drop-cap-letter{display:inline-block}<\/style>\t\t\t\t<p>Ces deux soci\u00e9t\u00e9s poss\u00e8dent une grande expertise dans la collaboration avec les \u00e9tudiants de l&rsquo;enseignement sup\u00e9rieur et leur mise en relation avec des entreprises internationales.<\/p>\n\t\t\t\t\t\t<\/div>\n\t\t\t\t<\/div>\n\t\t\t\t\t<\/div>\n\t\t\t\t<\/div>\n\t\t<div class=\"elementor-element elementor-element-688290b e-flex e-con-boxed e-con e-parent\" data-id=\"688290b\" data-element_type=\"container\">\n\t\t\t\t\t<div class=\"e-con-inner\">\n\t\t<div class=\"elementor-element elementor-element-775961f e-con-full e-flex e-con e-child\" data-id=\"775961f\" data-element_type=\"container\">\n\t\t\t\t<div class=\"elementor-element elementor-element-24af793 elementor-widget elementor-widget-heading\" data-id=\"24af793\" data-element_type=\"widget\" data-widget_type=\"heading.default\">\n\t\t\t\t<div class=\"elementor-widget-container\">\n\t\t\t<h2 class=\"elementor-heading-title elementor-size-default\">DewaFlex<\/h2>\t\t<\/div>\n\t\t\t\t<\/div>\n\t\t\t\t<div class=\"elementor-element elementor-element-1007c96 elementor-widget elementor-widget-text-editor\" data-id=\"1007c96\" data-element_type=\"widget\" data-widget_type=\"text-editor.default\">\n\t\t\t\t<div class=\"elementor-widget-container\">\n\t\t\t\t\t\t\t<p>DewaFlex est une entreprise du nord de la France avec des filiales aux Pays-Bas et \u00e0 Strasbourg.<\/p>\n<p>DewaFlex travaille beaucoup avec des \u00e9tudiants fran\u00e7ais hautement qualifi\u00e9s (pour la plupart issus d&rsquo;\u00e9coles de commerce fran\u00e7aises) afin de les mettre en contact avec f.ex. Les entreprises flamandes qui ont besoin d&rsquo;une analyse de march\u00e9 approfondie et d&rsquo;un plan d&rsquo;action pour faire leurs premiers pas sur le march\u00e9 fran\u00e7ais.<\/p>\n<p>Ces \u00e9tudiants fran\u00e7ais peuvent effectuer diverses t\u00e2ches pour les clients de DewaFlex et le concept est en train de prendre de l&rsquo;ampleur.<\/p>\n<p>DewaFlex op\u00e8re aujourd&rsquo;hui principalement en France, mais souhaite se concentrer sur la Flandre via DewaConnect \u00e0 Gand dans les ann\u00e9es \u00e0 venir.<\/p>\n\t\t\t\t\t\t<\/div>\n\t\t\t\t<\/div>\n\t\t\t\t<\/div>\n\t\t<div class=\"elementor-element elementor-element-29e19a6 e-con-full e-flex e-con e-child\" data-id=\"29e19a6\" data-element_type=\"container\">\n\t\t\t\t<div class=\"elementor-element elementor-element-17867fd elementor-widget elementor-widget-image\" data-id=\"17867fd\" data-element_type=\"widget\" data-widget_type=\"image.default\">\n\t\t\t\t<div class=\"elementor-widget-container\">\n\t\t\t\t\t\t\t\t\t\t\t\t\t<img loading=\"lazy\" decoding=\"async\" width=\"658\" height=\"394\" src=\"https:\/\/www.dewaconnect.fr\/wp-content\/uploads\/2024\/02\/About-us-page-DewaFlex-block.png\" class=\"attachment-large size-large wp-image-675\" alt=\"\" \/>\t\t\t\t\t\t\t\t\t\t\t\t\t<\/div>\n\t\t\t\t<\/div>\n\t\t\t\t<\/div>\n\t\t\t\t\t<\/div>\n\t\t\t\t<\/div>\n\t\t<div class=\"elementor-element elementor-element-4fb3186 e-flex e-con-boxed e-con e-parent\" data-id=\"4fb3186\" data-element_type=\"container\">\n\t\t\t\t\t<div class=\"e-con-inner\">\n\t\t<div class=\"elementor-element elementor-element-686a09b e-con-full e-flex e-con e-child\" data-id=\"686a09b\" data-element_type=\"container\">\n\t\t\t\t<div class=\"elementor-element elementor-element-c6a5a88 elementor-widget elementor-widget-image\" data-id=\"c6a5a88\" data-element_type=\"widget\" data-widget_type=\"image.default\">\n\t\t\t\t<div class=\"elementor-widget-container\">\n\t\t\t\t\t\t\t\t\t\t\t\t\t<img loading=\"lazy\" decoding=\"async\" width=\"658\" height=\"394\" src=\"https:\/\/www.dewaconnect.fr\/wp-content\/uploads\/2024\/02\/About-us-page-Studaro-block.png\" class=\"attachment-large size-large wp-image-679\" alt=\"\" \/>\t\t\t\t\t\t\t\t\t\t\t\t\t<\/div>\n\t\t\t\t<\/div>\n\t\t\t\t<\/div>\n\t\t<div class=\"elementor-element elementor-element-a4bd8b0 e-con-full e-flex e-con e-child\" data-id=\"a4bd8b0\" data-element_type=\"container\">\n\t\t\t\t<div class=\"elementor-element elementor-element-5d17c56 elementor-widget elementor-widget-heading\" data-id=\"5d17c56\" data-element_type=\"widget\" data-widget_type=\"heading.default\">\n\t\t\t\t<div class=\"elementor-widget-container\">\n\t\t\t<h2 class=\"elementor-heading-title elementor-size-default\">Studaro<\/h2>\t\t<\/div>\n\t\t\t\t<\/div>\n\t\t\t\t<div class=\"elementor-element elementor-element-eebb7e2 elementor-widget elementor-widget-text-editor\" data-id=\"eebb7e2\" data-element_type=\"widget\" data-widget_type=\"text-editor.default\">\n\t\t\t\t<div class=\"elementor-widget-container\">\n\t\t\t\t\t\t\t<p>Bienvenue \u00e0 Studaro, o\u00f9 nous r\u00e9inventons l&rsquo;avenir du travail \u00e9tudiant. Notre approche innovante ouvre de nouvelles portes sur le march\u00e9 de l&#8217;emploi \u00e9tudiant, en offrant des opportunit\u00e9s uniques dans les emplois li\u00e9s aux \u00e9tudes. Nous servons de pont entre les \u00e9tudiants ambitieux et les entreprises tourn\u00e9es vers l&rsquo;avenir.<\/p>\n<p>Studaro va au-del\u00e0 du recrutement ; nous nous engageons \u00e0 poursuivre le d\u00e9veloppement des \u00e9tudiants. Nos accompagnateurs de talents ne se contentent pas de les guider personnellement vers l&rsquo;excellence, ils leur proposent \u00e9galement des programmes de formation adapt\u00e9s. Ils sont con\u00e7us pour combler le foss\u00e9 entre l&rsquo;enseignement sup\u00e9rieur et le monde du travail, afin de permettre aux \u00e9tudiants d&rsquo;entrer sur le march\u00e9 du travail avec confiance et comp\u00e9tence.<\/p>\n<p><span style=\"font-style: inherit; font-weight: inherit; text-align: var(--text-align); background-color: var(--ast-global-color-5);\">Alors que la g\u00e9n\u00e9ration Z arrive sur le march\u00e9 du travail, Studaro aide les entreprises \u00e0 s&rsquo;adapter et \u00e0 exceller dans la comp\u00e9tition pour les jeunes talents.&nbsp;<\/span><\/p>\n<p><span style=\"font-style: inherit; font-weight: inherit; text-align: var(--text-align); background-color: var(--ast-global-color-5);\">Rejoignez Studaro ! Ensemble, nous fa\u00e7onnons l&rsquo;avenir du travail et donnons \u00e0 la prochaine g\u00e9n\u00e9ration une v\u00e9ritable longueur d&rsquo;avance.<\/span><\/p>\n\t\t\t\t\t\t<\/div>\n\t\t\t\t<\/div>\n\t\t\t\t<\/div>\n\t\t\t\t\t<\/div>\n\t\t\t\t<\/div>\n\t\t<div class=\"elementor-element elementor-element-6a45983 e-flex e-con-boxed e-con e-parent\" data-id=\"6a45983\" data-element_type=\"container\" data-settings=\"{&quot;background_background&quot;:&quot;classic&quot;}\">\n\t\t\t\t\t<div class=\"e-con-inner\">\n\t\t\t\t<div class=\"elementor-element elementor-element-fb51e2c elementor-widget elementor-widget-heading\" data-id=\"fb51e2c\" data-element_type=\"widget\" data-widget_type=\"heading.default\">\n\t\t\t\t<div class=\"elementor-widget-container\">\n\t\t\t<h2 class=\"elementor-heading-title elementor-size-default\">Notre \u00e9quipe<\/h2>\t\t<\/div>\n\t\t\t\t<\/div>\n\t\t\t\t<div class=\"elementor-element elementor-element-b1d8d9f elementor-widget elementor-widget-heading\" data-id=\"b1d8d9f\" data-element_type=\"widget\" data-widget_type=\"heading.default\">\n\t\t\t\t<div class=\"elementor-widget-container\">\n\t\t\t<h3 class=\"elementor-heading-title elementor-size-default\">Interne<\/h3>\t\t<\/div>\n\t\t\t\t<\/div>\n\t\t\t\t<div class=\"elementor-element elementor-element-7c5e04c elementor-grid-4 elementor-grid-tablet-2 elementor-grid-mobile-1 elementor-widget elementor-widget-loop-grid\" data-id=\"7c5e04c\" data-element_type=\"widget\" data-settings=\"{&quot;template_id&quot;:5248,&quot;columns&quot;:4,&quot;_skin&quot;:&quot;post&quot;,&quot;columns_tablet&quot;:&quot;2&quot;,&quot;columns_mobile&quot;:&quot;1&quot;,&quot;row_gap&quot;:{&quot;unit&quot;:&quot;px&quot;,&quot;size&quot;:&quot;&quot;,&quot;sizes&quot;:[]},&quot;row_gap_tablet_extra&quot;:{&quot;unit&quot;:&quot;px&quot;,&quot;size&quot;:&quot;&quot;,&quot;sizes&quot;:[]},&quot;row_gap_tablet&quot;:{&quot;unit&quot;:&quot;px&quot;,&quot;size&quot;:&quot;&quot;,&quot;sizes&quot;:[]},&quot;row_gap_mobile&quot;:{&quot;unit&quot;:&quot;px&quot;,&quot;size&quot;:&quot;&quot;,&quot;sizes&quot;:[]}}\" data-widget_type=\"loop-grid.post\">\n\t\t\t\t<div class=\"elementor-widget-container\">\n\t\t\t<link rel=\"stylesheet\" href=\"https:\/\/www.dewaconnect.fr\/wp-content\/plugins\/elementor-pro\/assets\/css\/widget-loop-builder.min.css\">\t\t<div class=\"elementor-loop-container elementor-grid\">\n\t\t<style id=\"loop-5248\">.elementor-5248 .elementor-element.elementor-element-24138354{--display:flex;--flex-direction:column;--container-widget-width:100%;--container-widget-height:initial;--container-widget-flex-grow:0;--container-widget-align-self:initial;--gap:0px 0px;--background-transition:0.3s;}.elementor-5248 .elementor-element.elementor-element-7d578054 img{border-radius:50px 50px 50px 50px;}.elementor-5248 .elementor-element.elementor-element-130e10ff{text-align:center;}.elementor-5248 .elementor-element.elementor-element-130e10ff .elementor-heading-title{color:#10181D;font-family:\"Calibri R\", Sans-serif;font-size:20px;font-weight:500;}.elementor-5248 .elementor-element.elementor-element-130e10ff > .elementor-widget-container{margin:15px 0px 0px 0px;}.elementor-5248 .elementor-element.elementor-element-33d9cb1b{text-align:center;color:#536670;font-family:\"Calibri B\", Sans-serif;font-size:14px;font-weight:bold;}<\/style>\t\t<div data-elementor-type=\"loop-item\" data-elementor-id=\"5248\" class=\"elementor elementor-5248 e-loop-item-5284 e-loop-item\">\n\t\t\t\t\t<div class=\"elementor-section-wrap\">\n\t\t\t\t\t\t<div class=\"elementor-element elementor-element-24138354 e-flex e-con-boxed e-con e-parent\" data-id=\"24138354\" data-element_type=\"container\">\n\t\t\t\t\t<div class=\"e-con-inner\">\n\t\t\t\t<div class=\"elementor-element elementor-element-7d578054 elementor-widget elementor-widget-theme-post-featured-image elementor-widget-image\" data-id=\"7d578054\" data-element_type=\"widget\" data-widget_type=\"theme-post-featured-image.default\">\n\t\t\t\t<div class=\"elementor-widget-container\">\n\t\t\t\t\t\t\t\t\t\t\t\t\t<img loading=\"lazy\" decoding=\"async\" width=\"145\" height=\"145\" src=\"https:\/\/www.dewaconnect.fr\/wp-content\/uploads\/2024\/05\/Pieter.png\" class=\"attachment-large size-large wp-image-5334\" alt=\"\" \/>\t\t\t\t\t\t\t\t\t\t\t\t\t<\/div>\n\t\t\t\t<\/div>\n\t\t\t\t<div class=\"elementor-element elementor-element-130e10ff elementor-widget elementor-widget-theme-post-title elementor-page-title elementor-widget-heading\" data-id=\"130e10ff\" data-element_type=\"widget\" data-widget_type=\"theme-post-title.default\">\n\t\t\t\t<div class=\"elementor-widget-container\">\n\t\t\t<p class=\"elementor-heading-title elementor-size-default\">Pieter Dewaele<\/p>\t\t<\/div>\n\t\t\t\t<\/div>\n\t\t\t\t<div class=\"elementor-element elementor-element-33d9cb1b elementor-widget elementor-widget-theme-post-content\" data-id=\"33d9cb1b\" data-element_type=\"widget\" data-widget_type=\"theme-post-content.default\">\n\t\t\t\t<div class=\"elementor-widget-container\">\n\t\t\t\n<p>Fondateur<\/p>\n\t\t<\/div>\n\t\t\t\t<\/div>\n\t\t\t\t\t<\/div>\n\t\t\t\t<\/div>\n\t\t\t\t\t\t\t<\/div>\n\t\t\t\t<\/div>\n\t\t\t\t<div data-elementor-type=\"loop-item\" data-elementor-id=\"5248\" class=\"elementor elementor-5248 e-loop-item-5286 e-loop-item\">\n\t\t\t\t\t<div class=\"elementor-section-wrap\">\n\t\t\t\t\t\t<div class=\"elementor-element elementor-element-24138354 e-flex e-con-boxed e-con e-parent\" data-id=\"24138354\" data-element_type=\"container\">\n\t\t\t\t\t<div class=\"e-con-inner\">\n\t\t\t\t<div class=\"elementor-element elementor-element-7d578054 elementor-widget elementor-widget-theme-post-featured-image elementor-widget-image\" data-id=\"7d578054\" data-element_type=\"widget\" data-widget_type=\"theme-post-featured-image.default\">\n\t\t\t\t<div class=\"elementor-widget-container\">\n\t\t\t\t\t\t\t\t\t\t\t\t\t<img loading=\"lazy\" decoding=\"async\" width=\"145\" height=\"145\" src=\"https:\/\/www.dewaconnect.fr\/wp-content\/uploads\/2024\/05\/Jelle.png\" class=\"attachment-large size-large wp-image-5045\" alt=\"\" \/>\t\t\t\t\t\t\t\t\t\t\t\t\t<\/div>\n\t\t\t\t<\/div>\n\t\t\t\t<div class=\"elementor-element elementor-element-130e10ff elementor-widget elementor-widget-theme-post-title elementor-page-title elementor-widget-heading\" data-id=\"130e10ff\" data-element_type=\"widget\" data-widget_type=\"theme-post-title.default\">\n\t\t\t\t<div class=\"elementor-widget-container\">\n\t\t\t<p class=\"elementor-heading-title elementor-size-default\">Jelle Van Impe<\/p>\t\t<\/div>\n\t\t\t\t<\/div>\n\t\t\t\t<div class=\"elementor-element elementor-element-33d9cb1b elementor-widget elementor-widget-theme-post-content\" data-id=\"33d9cb1b\" data-element_type=\"widget\" data-widget_type=\"theme-post-content.default\">\n\t\t\t\t<div class=\"elementor-widget-container\">\n\t\t\t\n<p>Fondateur <\/p>\n\t\t<\/div>\n\t\t\t\t<\/div>\n\t\t\t\t\t<\/div>\n\t\t\t\t<\/div>\n\t\t\t\t\t\t\t<\/div>\n\t\t\t\t<\/div>\n\t\t\t\t<div data-elementor-type=\"loop-item\" data-elementor-id=\"5248\" class=\"elementor elementor-5248 e-loop-item-5340 e-loop-item\">\n\t\t\t\t\t<div class=\"elementor-section-wrap\">\n\t\t\t\t\t\t<div class=\"elementor-element elementor-element-24138354 e-flex e-con-boxed e-con e-parent\" data-id=\"24138354\" data-element_type=\"container\">\n\t\t\t\t\t<div class=\"e-con-inner\">\n\t\t\t\t<div class=\"elementor-element elementor-element-7d578054 elementor-widget elementor-widget-theme-post-featured-image elementor-widget-image\" data-id=\"7d578054\" data-element_type=\"widget\" data-widget_type=\"theme-post-featured-image.default\">\n\t\t\t\t<div class=\"elementor-widget-container\">\n\t\t\t\t\t\t\t\t\t\t\t\t\t<img loading=\"lazy\" decoding=\"async\" width=\"144\" height=\"145\" src=\"https:\/\/www.dewaconnect.fr\/wp-content\/uploads\/2024\/05\/Picture6-Copy-25.png\" class=\"attachment-large size-large wp-image-5338\" alt=\"\" \/>\t\t\t\t\t\t\t\t\t\t\t\t\t<\/div>\n\t\t\t\t<\/div>\n\t\t\t\t<div class=\"elementor-element elementor-element-130e10ff elementor-widget elementor-widget-theme-post-title elementor-page-title elementor-widget-heading\" data-id=\"130e10ff\" data-element_type=\"widget\" data-widget_type=\"theme-post-title.default\">\n\t\t\t\t<div class=\"elementor-widget-container\">\n\t\t\t<p class=\"elementor-heading-title elementor-size-default\">Victor Lagae<\/p>\t\t<\/div>\n\t\t\t\t<\/div>\n\t\t\t\t<div class=\"elementor-element elementor-element-33d9cb1b elementor-widget elementor-widget-theme-post-content\" data-id=\"33d9cb1b\" data-element_type=\"widget\" data-widget_type=\"theme-post-content.default\">\n\t\t\t\t<div class=\"elementor-widget-container\">\n\t\t\t\n<p>BU Manager<\/p>\n\t\t<\/div>\n\t\t\t\t<\/div>\n\t\t\t\t\t<\/div>\n\t\t\t\t<\/div>\n\t\t\t\t\t\t\t<\/div>\n\t\t\t\t<\/div>\n\t\t\t\t<\/div>\n\t\t\n\t\t\t\t<\/div>\n\t\t\t\t<\/div>\n\t\t\t\t<div class=\"elementor-element elementor-element-14ce5f5 elementor-widget elementor-widget-heading\" data-id=\"14ce5f5\" data-element_type=\"widget\" data-widget_type=\"heading.default\">\n\t\t\t\t<div class=\"elementor-widget-container\">\n\t\t\t<h3 class=\"elementor-heading-title elementor-size-default\">L'alternance fran\u00e7aise<\/h3>\t\t<\/div>\n\t\t\t\t<\/div>\n\t\t\t\t<div class=\"elementor-element elementor-element-53696cc elementor-widget elementor-widget-heading\" data-id=\"53696cc\" data-element_type=\"widget\" data-widget_type=\"heading.default\">\n\t\t\t\t<div class=\"elementor-widget-container\">\n\t\t\t<h3 class=\"elementor-heading-title elementor-size-default\">Stagiaires en France<\/h3>\t\t<\/div>\n\t\t\t\t<\/div>\n\t\t\t\t<div class=\"elementor-element elementor-element-e496241 elementor-widget elementor-widget-heading\" data-id=\"e496241\" data-element_type=\"widget\" data-widget_type=\"heading.default\">\n\t\t\t\t<div class=\"elementor-widget-container\">\n\t\t\t<h3 class=\"elementor-heading-title elementor-size-default\">L'alternance belge<\/h3>\t\t<\/div>\n\t\t\t\t<\/div>\n\t\t\t\t\t<\/div>\n\t\t\t\t<\/div>\n\t\t\t\t<\/div>\n\t\t","protected":false},"excerpt":{"rendered":"<p>DewaConnect, soci\u00e9t\u00e9 coop\u00e9rative universitaire, a \u00e9t\u00e9 fond\u00e9e par Ces deux soci\u00e9t\u00e9s poss\u00e8dent une grande expertise dans la collaboration avec les [&hellip;]<\/p>\n","protected":false},"author":1,"featured_media":0,"parent":0,"menu_order":0,"comment_status":"closed","ping_status":"closed","template":"","meta":{"_acf_changed":false,"om_disable_all_campaigns":false,"inline_featured_image":false,"_monsterinsights_skip_tracking":false,"_monsterinsights_sitenote_active":false,"_monsterinsights_sitenote_note":"","_monsterinsights_sitenote_category":0,"site-sidebar-layout":"no-sidebar","site-content-layout":"","ast-site-content-layout":"full-width-container","site-content-style":"default","site-sidebar-style":"default","ast-global-header-display":"","ast-banner-title-visibility":"","ast-main-header-display":"","ast-hfb-above-header-display":"","ast-hfb-below-header-display":"","ast-hfb-mobile-header-display":"","site-post-title":"disabled","ast-breadcrumbs-content":"","ast-featured-img":"","footer-sml-layout":"","theme-transparent-header-meta":"","adv-header-id-meta":"","stick-header-meta":"","header-above-stick-meta":"","header-main-stick-meta":"","header-below-stick-meta":"","astra-migrate-meta-layouts":"default","ast-page-background-enabled":"default","ast-page-background-meta":{"desktop":{"background-color":"var(--ast-global-color-4)","background-image":"","background-repeat":"repeat","background-position":"center center","background-size":"auto","background-attachment":"scroll","background-type":"","background-media":"","overlay-type":"","overlay-color":"","overlay-gradient":""},"tablet":{"background-color":"","background-image":"","background-repeat":"repeat","background-position":"center center","background-size":"auto","background-attachment":"scroll","background-type":"","background-media":"","overlay-type":"","overlay-color":"","overlay-gradient":""},"mobile":{"background-color":"","background-image":"","background-repeat":"repeat","background-position":"center center","background-size":"auto","background-attachment":"scroll","background-type":"","background-media":"","overlay-type":"","overlay-color":"","overlay-gradient":""}},"ast-content-background-meta":{"desktop":{"background-color":"var(--ast-global-color-5)","background-image":"","background-repeat":"repeat","background-position":"center center","background-size":"auto","background-attachment":"scroll","background-type":"","background-media":"","overlay-type":"","overlay-color":"","overlay-gradient":""},"tablet":{"background-color":"var(--ast-global-color-5)","background-image":"","background-repeat":"repeat","background-position":"center center","background-size":"auto","background-attachment":"scroll","background-type":"","background-media":"","overlay-type":"","overlay-color":"","overlay-gradient":""},"mobile":{"background-color":"var(--ast-global-color-5)","background-image":"","background-repeat":"repeat","background-position":"center center","background-size":"auto","background-attachment":"scroll","background-type":"","background-media":"","overlay-type":"","overlay-color":"","overlay-gradient":""}},"footnotes":""},"acf":[],"aioseo_notices":[],"_links":{"self":[{"href":"https:\/\/www.dewaconnect.fr\/fr\/wp-json\/wp\/v2\/pages\/1861"}],"collection":[{"href":"https:\/\/www.dewaconnect.fr\/fr\/wp-json\/wp\/v2\/pages"}],"about":[{"href":"https:\/\/www.dewaconnect.fr\/fr\/wp-json\/wp\/v2\/types\/page"}],"author":[{"embeddable":true,"href":"https:\/\/www.dewaconnect.fr\/fr\/wp-json\/wp\/v2\/users\/1"}],"replies":[{"embeddable":true,"href":"https:\/\/www.dewaconnect.fr\/fr\/wp-json\/wp\/v2\/comments?post=1861"}],"version-history":[{"count":30,"href":"https:\/\/www.dewaconnect.fr\/fr\/wp-json\/wp\/v2\/pages\/1861\/revisions"}],"predecessor-version":[{"id":6244,"href":"https:\/\/www.dewaconnect.fr\/fr\/wp-json\/wp\/v2\/pages\/1861\/revisions\/6244"}],"wp:attachment":[{"href":"https:\/\/www.dewaconnect.fr\/fr\/wp-json\/wp\/v2\/media?parent=1861"}],"curies":[{"name":"wp","href":"https:\/\/api.w.org\/{rel}","templated":true}]}}